{"id":27,"date":"2013-09-22T18:36:37","date_gmt":"2013-09-22T18:36:37","guid":{"rendered":"http:\/\/masterjam.ch\/wordpress\/?page_id=27"},"modified":"2019-11-15T14:45:02","modified_gmt":"2019-11-15T14:45:02","slug":"band","status":"publish","type":"page","link":"http:\/\/masterjam.ch\/wordpress\/band\/","title":{"rendered":"BAND"},"content":{"rendered":"<p style=\"text-align: justify;\"><b>A bunch of fine musicians from Berne to El Paso, who wanna give you a little bit o&#8217; funk,\u00a0a pinch of soul, a handful of pop &amp; rock with songs from bruno mars, lenny kravitz, the doobie brothers, prince and more. a high energy show multiplied by great\u00a0musicianship. you will enjoy and most probably even shake everything you got,\u00a0when the boys hit it&#8230;<\/b><\/p>\n<p style=\"text-align: justify;\"><span style=\"color: #ff0000;\"><b>MasterJam<\/b><\/span>\u00a0[sprich: M\u00e4st\u00f6r-tsch\u00e4\u00e4m; zu engl. master = Meister(n)\/meistern(v) und engl. to jam = spontanes zusammen Spielen]<br \/>Eine beliebte Liveshow von Musikern, die die Gunst des dicht gedr\u00e4ngten Publikums vor der B\u00fchne nutzt f\u00fcr gemeinsame, spontane, feierliche Aktivit\u00e4ten.<br \/>In allen Altersklassen sehr beliebte Cover- und Partyband, insbesondere wegen sorgf\u00e4ltigster und grosser Songauswahl sowie mitreissender B\u00fchnen-Show und Effekte.<\/p>\n<p style=\"text-align: justify;\">Quelle: Musik-Duden &#8211; W\u00f6rterbuch der Musikszenesprachen, hgg. vom Trendb\u00fcro. New York, Frankfurt, Kuala Lumpur, Z\u00fcrich: Musik-Dudenverlag 2001.\u00a0 \u00a0 \u00a0 \u00a0\u00a0<\/p>\n\n\n<figure class=\"wp-block-gallery columns-3 is-cropped wp-block-gallery-1 is-layout-flex wp-block-gallery-is-layout-flex\"><ul class=\"blocks-gallery-grid\"><li class=\"blocks-gallery-item\"><figure><img loading=\"lazy\" decoding=\"async\" width=\"360\" height=\"360\" src=\"http:\/\/masterjam.ch\/wordpress\/wp-content\/uploads\/2013\/09\/M.Steinemann_1226760-e1380265969171.jpg\" alt=\"\" data-id=\"128\" data-full-url=\"http:\/\/masterjam.ch\/wordpress\/wp-content\/uploads\/2013\/09\/M.Steinemann_1226760-e1380265969171.jpg\" data-link=\"http:\/\/masterjam.ch\/wordpress\/band\/m-steinemann_1226760\/\" class=\"wp-image-128\" srcset=\"http:\/\/masterjam.ch\/wordpress\/wp-content\/uploads\/2013\/09\/M.Steinemann_1226760-e1380265969171.jpg 360w, http:\/\/masterjam.ch\/wordpress\/wp-content\/uploads\/2013\/09\/M.Steinemann_1226760-e1380265969171-150x150.jpg 150w, http:\/\/masterjam.ch\/wordpress\/wp-content\/uploads\/2013\/09\/M.Steinemann_1226760-e1380265969171-300x300.jpg 300w\" sizes=\"auto, (max-width: 360px) 85vw, 360px\" \/><figcaption class=\"blocks-gallery-item__caption\">Mr. Z<\/figcaption><\/figure><\/li><li class=\"blocks-gallery-item\"><figure><img loading=\"lazy\" decoding=\"async\" width=\"359\" height=\"359\" src=\"http:\/\/masterjam.ch\/wordpress\/wp-content\/uploads\/2013\/09\/M.Steinemann_1226905-e1380265935417.jpg\" alt=\"\" data-id=\"129\" data-full-url=\"http:\/\/masterjam.ch\/wordpress\/wp-content\/uploads\/2013\/09\/M.Steinemann_1226905-e1380265935417.jpg\" data-link=\"http:\/\/masterjam.ch\/wordpress\/band\/m-steinemann_1226905\/\" class=\"wp-image-129\" srcset=\"http:\/\/masterjam.ch\/wordpress\/wp-content\/uploads\/2013\/09\/M.Steinemann_1226905-e1380265935417.jpg 359w, http:\/\/masterjam.ch\/wordpress\/wp-content\/uploads\/2013\/09\/M.Steinemann_1226905-e1380265935417-150x150.jpg 150w, http:\/\/masterjam.ch\/wordpress\/wp-content\/uploads\/2013\/09\/M.Steinemann_1226905-e1380265935417-300x300.jpg 300w\" sizes=\"auto, (max-width: 359px) 85vw, 359px\" \/><figcaption class=\"blocks-gallery-item__caption\">Juanito Fernandez<\/figcaption><\/figure><\/li><li class=\"blocks-gallery-item\"><figure><img loading=\"lazy\" decoding=\"async\" width=\"360\" height=\"360\" src=\"http:\/\/masterjam.ch\/wordpress\/wp-content\/uploads\/2013\/09\/M.Steinemann_1226780-e1380265704191.jpg\" alt=\"\" data-id=\"132\" data-full-url=\"http:\/\/masterjam.ch\/wordpress\/wp-content\/uploads\/2013\/09\/M.Steinemann_1226780-e1380265704191.jpg\" data-link=\"http:\/\/masterjam.ch\/wordpress\/band\/m-steinemann_1226780\/\" class=\"wp-image-132\" srcset=\"http:\/\/masterjam.ch\/wordpress\/wp-content\/uploads\/2013\/09\/M.Steinemann_1226780-e1380265704191.jpg 360w, http:\/\/masterjam.ch\/wordpress\/wp-content\/uploads\/2013\/09\/M.Steinemann_1226780-e1380265704191-150x150.jpg 150w, http:\/\/masterjam.ch\/wordpress\/wp-content\/uploads\/2013\/09\/M.Steinemann_1226780-e1380265704191-300x300.jpg 300w\" sizes=\"auto, (max-width: 360px) 85vw, 360px\" \/><figcaption class=\"blocks-gallery-item__caption\">Papa Funk<\/figcaption><\/figure><\/li><li class=\"blocks-gallery-item\"><figure><img loading=\"lazy\" decoding=\"async\" width=\"359\" height=\"359\" src=\"http:\/\/masterjam.ch\/wordpress\/wp-content\/uploads\/2013\/09\/M.Steinemann_1226741-e1380266051902.jpg\" alt=\"\" data-id=\"126\" data-full-url=\"http:\/\/masterjam.ch\/wordpress\/wp-content\/uploads\/2013\/09\/M.Steinemann_1226741-e1380266051902.jpg\" data-link=\"http:\/\/masterjam.ch\/wordpress\/band\/m-steinemann_1226741\/\" class=\"wp-image-126\" srcset=\"http:\/\/masterjam.ch\/wordpress\/wp-content\/uploads\/2013\/09\/M.Steinemann_1226741-e1380266051902.jpg 359w, http:\/\/masterjam.ch\/wordpress\/wp-content\/uploads\/2013\/09\/M.Steinemann_1226741-e1380266051902-150x150.jpg 150w, http:\/\/masterjam.ch\/wordpress\/wp-content\/uploads\/2013\/09\/M.Steinemann_1226741-e1380266051902-300x300.jpg 300w\" sizes=\"auto, (max-width: 359px) 85vw, 359px\" \/><figcaption class=\"blocks-gallery-item__caption\">TC Tee<\/figcaption><\/figure><\/li><li class=\"blocks-gallery-item\"><figure><img loading=\"lazy\" decoding=\"async\" width=\"360\" height=\"360\" src=\"http:\/\/masterjam.ch\/wordpress\/wp-content\/uploads\/2013\/09\/M.Steinemann_1226724-e1380266089508.jpg\" alt=\"\" data-id=\"125\" data-full-url=\"http:\/\/masterjam.ch\/wordpress\/wp-content\/uploads\/2013\/09\/M.Steinemann_1226724-e1380266089508.jpg\" data-link=\"http:\/\/masterjam.ch\/wordpress\/band\/m-steinemann_1226724\/\" class=\"wp-image-125\" srcset=\"http:\/\/masterjam.ch\/wordpress\/wp-content\/uploads\/2013\/09\/M.Steinemann_1226724-e1380266089508.jpg 360w, http:\/\/masterjam.ch\/wordpress\/wp-content\/uploads\/2013\/09\/M.Steinemann_1226724-e1380266089508-150x150.jpg 150w, http:\/\/masterjam.ch\/wordpress\/wp-content\/uploads\/2013\/09\/M.Steinemann_1226724-e1380266089508-300x300.jpg 300w\" sizes=\"auto, (max-width: 360px) 85vw, 360px\" \/><figcaption class=\"blocks-gallery-item__caption\">Sugar Burns<\/figcaption><\/figure><\/li><li class=\"blocks-gallery-item\"><figure><img loading=\"lazy\" decoding=\"async\" width=\"360\" height=\"360\" src=\"http:\/\/masterjam.ch\/wordpress\/wp-content\/uploads\/2013\/09\/M.Steinemann_1227020-e1380265849814.jpg\" alt=\"\" data-id=\"130\" data-full-url=\"http:\/\/masterjam.ch\/wordpress\/wp-content\/uploads\/2013\/09\/M.Steinemann_1227020-e1380265849814.jpg\" data-link=\"http:\/\/masterjam.ch\/wordpress\/band\/m-steinemann_1227020\/\" class=\"wp-image-130\" srcset=\"http:\/\/masterjam.ch\/wordpress\/wp-content\/uploads\/2013\/09\/M.Steinemann_1227020-e1380265849814.jpg 360w, http:\/\/masterjam.ch\/wordpress\/wp-content\/uploads\/2013\/09\/M.Steinemann_1227020-e1380265849814-150x150.jpg 150w, http:\/\/masterjam.ch\/wordpress\/wp-content\/uploads\/2013\/09\/M.Steinemann_1227020-e1380265849814-300x300.jpg 300w\" sizes=\"auto, (max-width: 360px) 85vw, 360px\" \/><figcaption class=\"blocks-gallery-item__caption\">Matteo LaRocca<\/figcaption><\/figure><\/li><\/ul><\/figure>\n","protected":false},"excerpt":{"rendered":"<p>A bunch of fine musicians from Berne to El Paso, who wanna give you a little bit o&#8217; funk,\u00a0a pinch of soul, a handful of pop &amp; rock with songs from bruno mars, lenny kravitz, the doobie brothers, prince and more. a high energy show multiplied by great\u00a0musicianship. you will enjoy and most probably even &hellip; <a href=\"http:\/\/masterjam.ch\/wordpress\/band\/\" class=\"more-link\">Continue reading<span class=\"screen-reader-text\"> &#8220;BAND&#8221;<\/span><\/a><\/p>\n","protected":false},"author":1,"featured_media":0,"parent":0,"menu_order":0,"comment_status":"closed","ping_status":"open","template":"","meta":{"footnotes":""},"class_list":["post-27","page","type-page","status-publish","hentry"],"yoast_head":"<!-- This site is optimized with the Yoast SEO plugin v27.4 - https:\/\/yoast.com\/product\/yoast-seo-wordpress\/ -->\n<title>BAND - MasterJam - Pop, Rock, Funk Cover &amp; Party Band<\/title>\n<meta name=\"description\" content=\"BAND - MasterJam - Pop, Rock, Funk Cover &amp; Party Band\" \/>\n<meta name=\"robots\" content=\"index, follow, max-snippet:-1, max-image-preview:large, max-video-preview:-1\" \/>\n<link rel=\"canonical\" href=\"http:\/\/masterjam.ch\/wordpress\/band\/\" \/>\n<meta property=\"og:locale\" content=\"en_US\" \/>\n<meta property=\"og:type\" content=\"article\" \/>\n<meta property=\"og:title\" content=\"BAND - MasterJam - Pop, Rock, Funk Cover &amp; Party Band\" \/>\n<meta property=\"og:description\" content=\"BAND - MasterJam - Pop, Rock, Funk Cover &amp; Party Band\" \/>\n<meta property=\"og:url\" content=\"http:\/\/masterjam.ch\/wordpress\/band\/\" \/>\n<meta property=\"og:site_name\" content=\"MasterJam\" \/>\n<meta property=\"article:modified_time\" content=\"2019-11-15T14:45:02+00:00\" \/>\n<meta property=\"og:image\" content=\"http:\/\/masterjam.ch\/wordpress\/wp-content\/uploads\/2013\/09\/M.Steinemann_1226760-e1380265969171.jpg\" \/>\n<meta name=\"twitter:label1\" content=\"Est. reading time\" \/>\n\t<meta name=\"twitter:data1\" content=\"1 minute\" \/>\n<script type=\"application\/ld+json\" class=\"yoast-schema-graph\">{\"@context\":\"https:\\\/\\\/schema.org\",\"@graph\":[{\"@type\":\"WebPage\",\"@id\":\"http:\\\/\\\/masterjam.ch\\\/wordpress\\\/band\\\/\",\"url\":\"http:\\\/\\\/masterjam.ch\\\/wordpress\\\/band\\\/\",\"name\":\"BAND - MasterJam - Pop, Rock, Funk Cover & Party Band\",\"isPartOf\":{\"@id\":\"http:\\\/\\\/masterjam.ch\\\/wordpress\\\/#website\"},\"primaryImageOfPage\":{\"@id\":\"http:\\\/\\\/masterjam.ch\\\/wordpress\\\/band\\\/#primaryimage\"},\"image\":{\"@id\":\"http:\\\/\\\/masterjam.ch\\\/wordpress\\\/band\\\/#primaryimage\"},\"thumbnailUrl\":\"http:\\\/\\\/masterjam.ch\\\/wordpress\\\/wp-content\\\/uploads\\\/2013\\\/09\\\/M.Steinemann_1226760-e1380265969171.jpg\",\"datePublished\":\"2013-09-22T18:36:37+00:00\",\"dateModified\":\"2019-11-15T14:45:02+00:00\",\"description\":\"BAND - MasterJam - Pop, Rock, Funk Cover & Party Band\",\"breadcrumb\":{\"@id\":\"http:\\\/\\\/masterjam.ch\\\/wordpress\\\/band\\\/#breadcrumb\"},\"inLanguage\":\"en-US\",\"potentialAction\":[{\"@type\":\"ReadAction\",\"target\":[\"http:\\\/\\\/masterjam.ch\\\/wordpress\\\/band\\\/\"]}]},{\"@type\":\"ImageObject\",\"inLanguage\":\"en-US\",\"@id\":\"http:\\\/\\\/masterjam.ch\\\/wordpress\\\/band\\\/#primaryimage\",\"url\":\"http:\\\/\\\/masterjam.ch\\\/wordpress\\\/wp-content\\\/uploads\\\/2013\\\/09\\\/M.Steinemann_1226760-e1380265969171.jpg\",\"contentUrl\":\"http:\\\/\\\/masterjam.ch\\\/wordpress\\\/wp-content\\\/uploads\\\/2013\\\/09\\\/M.Steinemann_1226760-e1380265969171.jpg\",\"width\":360,\"height\":360,\"caption\":\"Mr. Z\"},{\"@type\":\"BreadcrumbList\",\"@id\":\"http:\\\/\\\/masterjam.ch\\\/wordpress\\\/band\\\/#breadcrumb\",\"itemListElement\":[{\"@type\":\"ListItem\",\"position\":1,\"name\":\"Home\",\"item\":\"http:\\\/\\\/masterjam.ch\\\/wordpress\\\/\"},{\"@type\":\"ListItem\",\"position\":2,\"name\":\"BAND\"}]},{\"@type\":\"WebSite\",\"@id\":\"http:\\\/\\\/masterjam.ch\\\/wordpress\\\/#website\",\"url\":\"http:\\\/\\\/masterjam.ch\\\/wordpress\\\/\",\"name\":\"MasterJam\",\"description\":\"pop \\\/ rock \\\/ funk, cover &amp; party band\",\"potentialAction\":[{\"@type\":\"SearchAction\",\"target\":{\"@type\":\"EntryPoint\",\"urlTemplate\":\"http:\\\/\\\/masterjam.ch\\\/wordpress\\\/?s={search_term_string}\"},\"query-input\":{\"@type\":\"PropertyValueSpecification\",\"valueRequired\":true,\"valueName\":\"search_term_string\"}}],\"inLanguage\":\"en-US\"}]}<\/script>\n<!-- \/ Yoast SEO plugin. -->","yoast_head_json":{"title":"BAND - MasterJam - Pop, Rock, Funk Cover & Party Band","description":"BAND - MasterJam - Pop, Rock, Funk Cover & Party Band","robots":{"index":"index","follow":"follow","max-snippet":"max-snippet:-1","max-image-preview":"max-image-preview:large","max-video-preview":"max-video-preview:-1"},"canonical":"http:\/\/masterjam.ch\/wordpress\/band\/","og_locale":"en_US","og_type":"article","og_title":"BAND - MasterJam - Pop, Rock, Funk Cover & Party Band","og_description":"BAND - MasterJam - Pop, Rock, Funk Cover & Party Band","og_url":"http:\/\/masterjam.ch\/wordpress\/band\/","og_site_name":"MasterJam","article_modified_time":"2019-11-15T14:45:02+00:00","og_image":[{"url":"http:\/\/masterjam.ch\/wordpress\/wp-content\/uploads\/2013\/09\/M.Steinemann_1226760-e1380265969171.jpg","type":"","width":"","height":""}],"twitter_misc":{"Est. reading time":"1 minute"},"schema":{"@context":"https:\/\/schema.org","@graph":[{"@type":"WebPage","@id":"http:\/\/masterjam.ch\/wordpress\/band\/","url":"http:\/\/masterjam.ch\/wordpress\/band\/","name":"BAND - MasterJam - Pop, Rock, Funk Cover & Party Band","isPartOf":{"@id":"http:\/\/masterjam.ch\/wordpress\/#website"},"primaryImageOfPage":{"@id":"http:\/\/masterjam.ch\/wordpress\/band\/#primaryimage"},"image":{"@id":"http:\/\/masterjam.ch\/wordpress\/band\/#primaryimage"},"thumbnailUrl":"http:\/\/masterjam.ch\/wordpress\/wp-content\/uploads\/2013\/09\/M.Steinemann_1226760-e1380265969171.jpg","datePublished":"2013-09-22T18:36:37+00:00","dateModified":"2019-11-15T14:45:02+00:00","description":"BAND - MasterJam - Pop, Rock, Funk Cover & Party Band","breadcrumb":{"@id":"http:\/\/masterjam.ch\/wordpress\/band\/#breadcrumb"},"inLanguage":"en-US","potentialAction":[{"@type":"ReadAction","target":["http:\/\/masterjam.ch\/wordpress\/band\/"]}]},{"@type":"ImageObject","inLanguage":"en-US","@id":"http:\/\/masterjam.ch\/wordpress\/band\/#primaryimage","url":"http:\/\/masterjam.ch\/wordpress\/wp-content\/uploads\/2013\/09\/M.Steinemann_1226760-e1380265969171.jpg","contentUrl":"http:\/\/masterjam.ch\/wordpress\/wp-content\/uploads\/2013\/09\/M.Steinemann_1226760-e1380265969171.jpg","width":360,"height":360,"caption":"Mr. Z"},{"@type":"BreadcrumbList","@id":"http:\/\/masterjam.ch\/wordpress\/band\/#breadcrumb","itemListElement":[{"@type":"ListItem","position":1,"name":"Home","item":"http:\/\/masterjam.ch\/wordpress\/"},{"@type":"ListItem","position":2,"name":"BAND"}]},{"@type":"WebSite","@id":"http:\/\/masterjam.ch\/wordpress\/#website","url":"http:\/\/masterjam.ch\/wordpress\/","name":"MasterJam","description":"pop \/ rock \/ funk, cover &amp; party band","potentialAction":[{"@type":"SearchAction","target":{"@type":"EntryPoint","urlTemplate":"http:\/\/masterjam.ch\/wordpress\/?s={search_term_string}"},"query-input":{"@type":"PropertyValueSpecification","valueRequired":true,"valueName":"search_term_string"}}],"inLanguage":"en-US"}]}},"_links":{"self":[{"href":"http:\/\/masterjam.ch\/wordpress\/wp-json\/wp\/v2\/pages\/27","targetHints":{"allow":["GET"]}}],"collection":[{"href":"http:\/\/masterjam.ch\/wordpress\/wp-json\/wp\/v2\/pages"}],"about":[{"href":"http:\/\/masterjam.ch\/wordpress\/wp-json\/wp\/v2\/types\/page"}],"author":[{"embeddable":true,"href":"http:\/\/masterjam.ch\/wordpress\/wp-json\/wp\/v2\/users\/1"}],"replies":[{"embeddable":true,"href":"http:\/\/masterjam.ch\/wordpress\/wp-json\/wp\/v2\/comments?post=27"}],"version-history":[{"count":47,"href":"http:\/\/masterjam.ch\/wordpress\/wp-json\/wp\/v2\/pages\/27\/revisions"}],"predecessor-version":[{"id":674,"href":"http:\/\/masterjam.ch\/wordpress\/wp-json\/wp\/v2\/pages\/27\/revisions\/674"}],"wp:attachment":[{"href":"http:\/\/masterjam.ch\/wordpress\/wp-json\/wp\/v2\/media?parent=27"}],"curies":[{"name":"wp","href":"https:\/\/api.w.org\/{rel}","templated":true}]}}